{"id":95,"date":"2025-03-15T15:43:16","date_gmt":"2025-03-15T15:43:16","guid":{"rendered":"http:\/\/www.vvfw.ch\/?page_id=95"},"modified":"2026-03-22T17:50:31","modified_gmt":"2026-03-22T17:50:31","slug":"maennerriege","status":"publish","type":"page","link":"https:\/\/www.vvfw.ch\/?page_id=95","title":{"rendered":"Familienverein"},"content":{"rendered":"<p><strong>Pr\u00e4sident<\/strong><br \/>\nH\u00fcrlimann Sibylle<br \/>\nIm St\u00e4ndeler 10<br \/>\nTel. +41 (79) 548 53 46\u00a0 \u00a0<a href=\"mailto:familienverein.fw@gmail.com\" target=\"_blank\" rel=\"noopener\"><img loading=\"lazy\" decoding=\"async\" class=\"alignnone wp-image-163 size-full\" src=\"https:\/\/www.vvfw.ch\/wp-content\/uploads\/2016\/12\/Mail.jpg\" alt=\"\" width=\"23\" height=\"15\" \/><\/a><\/p>\n<p><strong>Homepage<\/strong><br \/>\n<a class=\" link\" title=\"M\u00e4nnerriege Felben-Wellhausen\" href=\"http:\/\/www.familienvereinfelbenwellhausen.ch\/\" target=\"_blank\" rel=\"noopener\"><span style=\"color: #0066cc;\">www.familienvereinfelbenwellhausen.ch<\/span><\/a><\/p>\n","protected":false},"excerpt":{"rendered":"<p>Pr\u00e4sident H\u00fcrlimann Sibylle Im St\u00e4ndeler 10 Tel. +41 (79) 548 53 46\u00a0 \u00a0 Homepage www.familienvereinfelbenwellhausen.ch<\/p>\n","protected":false},"author":1,"featured_media":0,"parent":0,"menu_order":0,"comment_status":"closed","ping_status":"closed","template":"","meta":{"_uag_custom_page_level_css":"","footnotes":""},"class_list":["post-95","page","type-page","status-publish","hentry"],"uagb_featured_image_src":{"full":false,"thumbnail":false,"medium":false,"medium_large":false,"large":false,"1536x1536":false,"2048x2048":false,"post-thumbnail":false},"uagb_author_info":{"display_name":"info_0755ubqv","author_link":"https:\/\/www.vvfw.ch\/?author=1"},"uagb_comment_info":0,"uagb_excerpt":"Pr\u00e4sident H\u00fcrlimann Sibylle Im St\u00e4ndeler 10 Tel. +41 (79) 548 53 46\u00a0 \u00a0 Homepage www.familienvereinfelbenwellhausen.ch","_links":{"self":[{"href":"https:\/\/www.vvfw.ch\/index.php?rest_route=\/wp\/v2\/pages\/95","targetHints":{"allow":["GET"]}}],"collection":[{"href":"https:\/\/www.vvfw.ch\/index.php?rest_route=\/wp\/v2\/pages"}],"about":[{"href":"https:\/\/www.vvfw.ch\/index.php?rest_route=\/wp\/v2\/types\/page"}],"author":[{"embeddable":true,"href":"https:\/\/www.vvfw.ch\/index.php?rest_route=\/wp\/v2\/users\/1"}],"replies":[{"embeddable":true,"href":"https:\/\/www.vvfw.ch\/index.php?rest_route=%2Fwp%2Fv2%2Fcomments&post=95"}],"version-history":[{"count":8,"href":"https:\/\/www.vvfw.ch\/index.php?rest_route=\/wp\/v2\/pages\/95\/revisions"}],"predecessor-version":[{"id":642,"href":"https:\/\/www.vvfw.ch\/index.php?rest_route=\/wp\/v2\/pages\/95\/revisions\/642"}],"wp:attachment":[{"href":"https:\/\/www.vvfw.ch\/index.php?rest_route=%2Fwp%2Fv2%2Fmedia&parent=95"}],"curies":[{"name":"wp","href":"https:\/\/api.w.org\/{rel}","templated":true}]}}